{"id":1249,"date":"2020-12-17T22:17:07","date_gmt":"2020-12-17T21:17:07","guid":{"rendered":"http:\/\/baal.fritz.box:8085\/?page_id=1249"},"modified":"2022-04-04T19:59:19","modified_gmt":"2022-04-04T17:59:19","slug":"impressum","status":"publish","type":"page","link":"https:\/\/outpost-one.de\/?page_id=1249","title":{"rendered":"IMPRESSUM"},"content":{"rendered":"\t\t<div data-elementor-type=\"wp-page\" data-elementor-id=\"1249\" class=\"elementor elementor-1249\" data-elementor-post-type=\"page\">\n\t\t\t\t\t\t<section class=\"elementor-section elementor-top-section elementor-element elementor-element-069e404 elementor-section-stretched elementor-section-boxed elementor-section-height-default elementor-section-height-default\" data-id=\"069e404\" data-element_type=\"section\" data-e-type=\"section\" data-settings=\"{&quot;stretch_section&quot;:&quot;section-stretched&quot;}\">\n\t\t\t\t\t\t<div class=\"elementor-container elementor-column-gap-default\">\n\t\t\t\t\t<div class=\"elementor-column elementor-col-100 elementor-top-column elementor-element elementor-element-f843a5b\" data-id=\"f843a5b\" data-element_type=\"column\" data-e-type=\"column\">\n\t\t\t<div class=\"elementor-widget-wrap elementor-element-populated\">\n\t\t\t\t\t\t<div class=\"elementor-element elementor-element-cdefec1 elementor-widget elementor-widget-spacer\" data-id=\"cdefec1\" data-element_type=\"widget\" data-e-type=\"widget\" data-widget_type=\"spacer.default\">\n\t\t\t\t<div class=\"elementor-widget-container\">\n\t\t\t\t\t\t\t<div class=\"elementor-spacer\">\n\t\t\t<div class=\"elementor-spacer-inner\"><\/div>\n\t\t<\/div>\n\t\t\t\t\t\t<\/div>\n\t\t\t\t<\/div>\n\t\t\t\t<section class=\"elementor-section elementor-inner-section elementor-element elementor-element-9b308ad elementor-section-boxed elementor-section-height-default elementor-section-height-default\" data-id=\"9b308ad\" data-element_type=\"section\" data-e-type=\"section\">\n\t\t\t\t\t\t<div class=\"elementor-container elementor-column-gap-default\">\n\t\t\t\t\t<div class=\"elementor-column elementor-col-100 elementor-inner-column elementor-element elementor-element-c962bf5\" data-id=\"c962bf5\" data-element_type=\"column\" data-e-type=\"column\">\n\t\t\t<div class=\"elementor-widget-wrap elementor-element-populated\">\n\t\t\t\t\t\t<div class=\"elementor-element elementor-element-d00c03f elementor-widget__width-inherit elementor-widget elementor-widget-text-editor\" data-id=\"d00c03f\" data-element_type=\"widget\" data-e-type=\"widget\" data-widget_type=\"text-editor.default\">\n\t\t\t\t<div class=\"elementor-widget-container\">\n\t\t\t\t\t\t\t\t\t<h4>IMPRESSUM<\/h4><h5>\u00a0<\/h5><h5>Galactic Indoor UG (haftungsbeschr\u00e4nkt)<\/h5><p>Gesch\u00e4ftsf\u00fchrerin Kirstin Langrock<\/p><p>Eichenallee 19<br \/>23942 P\u00f6tenitz<\/p><p>Telefon: 0152 \u2013 02 650 481<br \/>E-Mai: <a href=\"mailto:info@outpost-one.de\">info@outpost-one.de<\/a><\/p><p>Handelsregister: HRB 12876 Amtsgericht Schwerin<br \/>USt-ID: DE815707392<\/p><h5>\u00a0<\/h5><h5><strong>Haftungsauschluss<\/strong><\/h5><p>1. Inhalt des Onlineangebotes<\/p><p>F\u00fcr die hier dargebotenen Informationen wird kein Anspruch auf Vollst\u00e4ndigkeit, Aktualit\u00e4t, Qualit\u00e4t und Richtigkeit erhoben. Es kann keine Verantwortung f\u00fcr Sch\u00e4den \u00fcbernommen werden, die durch das Vertrauen auf die Inhalte dieser Website oder deren Gebrauch entstehen. Haftungsanspr\u00fcche gegen den Autor, welche sich auf Sch\u00e4den materieller oder ideeller Art beziehen, die durch die Nutzung oder Nichtnutzung der dargebotenen Informationen bzw. durch die Nutzung fehlerhafter und unvollst\u00e4ndiger Informationen verursacht wurden, sind grunds\u00e4tzlich ausgeschlossen. Wir behalten es uns ausdr\u00fccklich vor, Teile oder das gesamte Angebot ohne Ank\u00fcndigung zu ver\u00e4ndern, zu erg\u00e4nzen, zu l\u00f6schen oder die Ver\u00f6ffentlichung zeitweise oder endg\u00fcltig einzustellen.<\/p><p>2. Verweise und Links<\/p><p>Die Web-Pr\u00e4senz ist Teil des WWW und dementsprechend mit fremden, sich jederzeit wandeln k\u00f6nnenden Web-Sites durch Links verkn\u00fcpft, die folglich auch nicht dem Verantwortungsbereich der Autoren der Seiten \u201eOUTPOST ONE\u201c unterliegen und f\u00fcr die keinerlei Haftung \u00fcbernommen werden kann. Dass die Links weder gegen Sitten noch Gesetze versto\u00dfen, wurde genau einmal gepr\u00fcft, bevor sie hier aufgenommen wurden. Solche Links, die zu fremden Webprojekten f\u00fchren, erkennen Sie daran: Schriftsymbol-URL, Graphik-URL, teilweise mit neuem Browserfenster, direkte oder indirekten Verweise auf fremde Internetseiten (\u201eLinks\u201c), Auf die aktuelle und zuk\u00fcnftige Gestaltung, die Inhalte oder die Urheberschaft der gelinkten\/verkn\u00fcpften Seiten hat der Autor keinerlei Einfluss, daf\u00fcr haftet allein der Eigent\u00fcmer\/Betreiber. Deshalb distanzieren wir uns hiermit ausdr\u00fccklich von allen Inhalten aller gelinkten \/verkn\u00fcpften Seiten, die nach der Linksetzung ver\u00e4ndert wurden.<\/p><p>3. Urheber- und Kennzeichenrecht<\/p><p>Der Autor ist bestrebt, in allen Publikationen die Urheberrechte der verwendeten Grafiken und Markennahmen zu beachten. Wir beabsichtigen nicht, die Urheberrechte irgendwelcher Firmen oder Personen zu verletzen. Vom Autor selbst erstellte Grafiken und Texte d\u00fcrfen nicht genutzt, anderweitig ver\u00f6ffentlicht oder gar ge\u00e4ndert werden, ebenso verh\u00e4lt es sich mit Fotos der Ausstellungen. Alle innerhalb des Internetangebotes genannten und ggf. durch Dritte gesch\u00fctzten Marken- und Warenzeichen unterliegen uneingeschr\u00e4nkt den Bestimmungen des jeweils g\u00fcltigen Kennzeichenrechts und den Besitzrechten der jeweiligen eingetragenen Eigent\u00fcmer. Allein aufgrund der blo\u00dfen Nennung ist nicht der Schluss zu ziehen, dass Markenzeichen nicht durch Rechte Dritter gesch\u00fctzt sind! Namen und Kennzeichen, welche als Warenzeichen bekannt sind und entsprechenden Schutz genie\u00dfen, k\u00f6nnen leider nicht in jedem Fall als solche gekennzeichnet werden, da diese Seiten zu umfangreich sind. Ebenfalls sind Handelsnamen ohne Warenzeichencharakter nicht mit den entsprechenden Symbolen wie \u00a9, \u00ae oder \u2122 versehen. Aus dem Fehlen einer solchen Kennzeichnung darf jedoch nicht geschlossen werden, dass ein Name oder ein Zeichen frei ist. Der Betreiber dieser Seiten schlie\u00dft die Haftung f\u00fcr das Fehlen einer Kennzeichnung aus.<\/p><p>Die Produktfotos und Markennamen sind gesch\u00fctzt durch die Gesetzte des jeweiligen Landes und jeder kommerzielle Gebrauch ist strengstens untersagt.<\/p><p>STAR WARS\u00a9 1977, 1999 Lucasfilm Ltd., The Empire Strikes Back\u00a9 1980, 1999 Lucasfilm Ltd., Return of the Jedi\u00a9 1983, 1999 Lucasfilm Ltd., The Phantom Menace\u00a9 1999 Lucasfilm Ltd., Attack of the Clones\u00a9 2002 Lucasfilm Ltd., Revenge of the Sith \u00a9 2005 Lucasfilm Ltd. DISNEY.. All Rights Reserved.<\/p><p>4. Datenschutz<\/p><p>Sofern innerhalb dieses Internetangebotes pers\u00f6nliche oder gesch\u00e4ftliche Daten (Emailadressen, Namen, Anschriften, Fotos) ver\u00f6ffentlicht werden, so erfolgt die Ver\u00f6ffentlichung dieser Daten auf ausdr\u00fccklich freiwilliger Basis und auf Wunsch des Betreffenden. Diese personenbezogenen Daten werden ebenfalls nur mit dem Wissen dieser Personen und deren ausdr\u00fccklicher Genehmigung elektronisch gespeichert.<\/p><p>5. Rechtswirksamkeit dieses Haftungsausschlusses<\/p><p>Dieser Haftungsausschluss ist als Teil des Internetangebotes zu betrachten, von dem aus auf diese Seite verwiesen wurde. Sofern Teile oder einzelne Formulierungen dieses Textes der geltenden Rechtslage nicht, nicht mehr oder nicht vollst\u00e4ndig entsprechen sollten, bleiben die \u00fcbrigen Teile des Dokumentes in ihrem Inhalt und ihrer G\u00fcltigkeit davon unber\u00fchrt.<\/p><p>\u201eOUTPOST ONE\u201c ist ein Fanprojekt. Es besteht keine Verbindung zu Lucasfilm Ltd.<\/p><h5>\u00a0<\/h5><h5>Webdesign<\/h5><p>Glorienschein (<a href=\"https:\/\/www.glorienschein.de\/\">www.glorienschein.de<\/a>) und Tobias Wodke <\/p><h5>\u00a0<\/h5><h5>Fotos<\/h5><p>Christina Grey (<a href=\"https:\/\/www.facebook.com\/ChristinaGreyLA\">www.facebook.com\/ChristinaGreyLA<\/a>)<\/p>\t\t\t\t\t\t\t\t<\/div>\n\t\t\t\t<\/div>\n\t\t\t\t<div class=\"elementor-element elementor-element-d358609 .placeholder-image elementor-widget elementor-widget-image\" data-id=\"d358609\" data-element_type=\"widget\" data-e-type=\"widget\" data-widget_type=\"image.default\">\n\t\t\t\t<div class=\"elementor-widget-container\">\n\t\t\t\t\t\t\t\t\t\t\t\t\t\t\t<img decoding=\"async\" src=\"https:\/\/outpost-one.de\/wp-content\/uploads\/2020\/12\/OutpostVignette.svg\" class=\"attachment-full size-full wp-image-871\" alt=\"\" \/>\t\t\t\t\t\t\t\t\t\t\t\t\t\t\t<\/div>\n\t\t\t\t<\/div>\n\t\t\t\t\t<\/div>\n\t\t<\/div>\n\t\t\t\t\t<\/div>\n\t\t<\/section>\n\t\t\t\t\t<\/div>\n\t\t<\/div>\n\t\t\t\t\t<\/div>\n\t\t<\/section>\n\t\t\t\t<\/div>\n\t\t","protected":false},"excerpt":{"rendered":"<p>IMPRESSUM \u00a0 Galactic Indoor UG (haftungsbeschr\u00e4nkt) Gesch\u00e4ftsf\u00fchrerin Kirstin Langrock Eichenallee 1923942 P\u00f6tenitz Telefon: 0152 \u2013 02 650 481E-Mai: info@outpost-one.de Handelsregister: HRB 12876 Amtsgericht SchwerinUSt-ID: DE815707392 \u00a0 Haftungsauschluss 1. Inhalt des Onlineangebotes F\u00fcr die hier dargebotenen Informationen wird kein Anspruch auf Vollst\u00e4ndigkeit, Aktualit\u00e4t, Qualit\u00e4t und Richtigkeit erhoben. Es kann keine Verantwortung f\u00fcr Sch\u00e4den \u00fcbernommen werden, die [&hellip;]<\/p>\n","protected":false},"author":2,"featured_media":0,"parent":0,"menu_order":0,"comment_status":"closed","ping_status":"closed","template":"","meta":{"footnotes":""},"class_list":["post-1249","page","type-page","status-publish","hentry"],"_links":{"self":[{"href":"https:\/\/outpost-one.de\/index.php?rest_route=\/wp\/v2\/pages\/1249","targetHints":{"allow":["GET"]}}],"collection":[{"href":"https:\/\/outpost-one.de\/index.php?rest_route=\/wp\/v2\/pages"}],"about":[{"href":"https:\/\/outpost-one.de\/index.php?rest_route=\/wp\/v2\/types\/page"}],"author":[{"embeddable":true,"href":"https:\/\/outpost-one.de\/index.php?rest_route=\/wp\/v2\/users\/2"}],"replies":[{"embeddable":true,"href":"https:\/\/outpost-one.de\/index.php?rest_route=%2Fwp%2Fv2%2Fcomments&post=1249"}],"version-history":[{"count":0,"href":"https:\/\/outpost-one.de\/index.php?rest_route=\/wp\/v2\/pages\/1249\/revisions"}],"wp:attachment":[{"href":"https:\/\/outpost-one.de\/index.php?rest_route=%2Fwp%2Fv2%2Fmedia&parent=1249"}],"curies":[{"name":"wp","href":"https:\/\/api.w.org\/{rel}","templated":true}]}}