{"id":1261,"date":"2020-12-17T22:25:26","date_gmt":"2020-12-17T21:25:26","guid":{"rendered":"http:\/\/baal.fritz.box:8085\/?page_id=1261"},"modified":"2025-09-22T12:01:16","modified_gmt":"2025-09-22T10:01:16","slug":"danksagung","status":"publish","type":"page","link":"https:\/\/outpost-one.de\/?page_id=1261","title":{"rendered":"DANKSAGUNG"},"content":{"rendered":"\t\t<div data-elementor-type=\"wp-page\" data-elementor-id=\"1261\" class=\"elementor elementor-1261\" data-elementor-post-type=\"page\">\n\t\t\t\t\t\t<section class=\"elementor-section elementor-top-section elementor-element elementor-element-6224826 elementor-section-stretched elementor-section-boxed elementor-section-height-default elementor-section-height-default\" data-id=\"6224826\" data-element_type=\"section\" data-e-type=\"section\" data-settings=\"{&quot;stretch_section&quot;:&quot;section-stretched&quot;}\">\n\t\t\t\t\t\t<div class=\"elementor-container elementor-column-gap-default\">\n\t\t\t\t\t<div class=\"elementor-column elementor-col-100 elementor-top-column elementor-element elementor-element-fc92202\" data-id=\"fc92202\" data-element_type=\"column\" data-e-type=\"column\">\n\t\t\t<div class=\"elementor-widget-wrap elementor-element-populated\">\n\t\t\t\t\t\t<div class=\"elementor-element elementor-element-99f5b67 elementor-widget elementor-widget-spacer\" data-id=\"99f5b67\" data-element_type=\"widget\" data-e-type=\"widget\" data-widget_type=\"spacer.default\">\n\t\t\t\t<div class=\"elementor-widget-container\">\n\t\t\t\t\t\t\t<div class=\"elementor-spacer\">\n\t\t\t<div class=\"elementor-spacer-inner\"><\/div>\n\t\t<\/div>\n\t\t\t\t\t\t<\/div>\n\t\t\t\t<\/div>\n\t\t\t\t<section class=\"elementor-section elementor-inner-section elementor-element elementor-element-b29f654 elementor-section-boxed elementor-section-height-default elementor-section-height-default\" data-id=\"b29f654\" data-element_type=\"section\" data-e-type=\"section\">\n\t\t\t\t\t\t<div class=\"elementor-container elementor-column-gap-default\">\n\t\t\t\t\t<div class=\"elementor-column elementor-col-100 elementor-inner-column elementor-element elementor-element-7c95015\" data-id=\"7c95015\" data-element_type=\"column\" data-e-type=\"column\">\n\t\t\t<div class=\"elementor-widget-wrap elementor-element-populated\">\n\t\t\t\t\t\t<div class=\"elementor-element elementor-element-17574f2 elementor-widget__width-inherit elementor-widget elementor-widget-text-editor\" data-id=\"17574f2\" data-element_type=\"widget\" data-e-type=\"widget\" data-widget_type=\"text-editor.default\">\n\t\t\t\t<div class=\"elementor-widget-container\">\n\t\t\t\t\t\t\t\t\t<h4>DANKSAGUNG<\/h4><div><p>Wir widmen unser Projekt sowohl Lucasfilm\u2122 und Disney\u2122 f\u00fcr all die unvergesslichen Momente in einer weit entfernten Galaxie, als auch all den Fans und den verschiedenen Fangruppen, die das Franchise seit nunmehr \u00fcber 40 Jahren so lebendig gehalten haben.<\/p><p>Au\u00dferdem m\u00f6chten wir uns bei unseren <strong>Kooperationspartnern<\/strong> bedanken:<\/p><\/div>\t\t\t\t\t\t\t\t<\/div>\n\t\t\t\t<\/div>\n\t\t\t\t<div class=\"elementor-element elementor-element-24c1169 elementor-widget__width-inherit elementor-widget elementor-widget-text-editor\" data-id=\"24c1169\" data-element_type=\"widget\" data-e-type=\"widget\" data-widget_type=\"text-editor.default\">\n\t\t\t\t<div class=\"elementor-widget-container\">\n\t\t\t\t\t\t\t\t\t<div class=\"entry-content\"><ul><li>Projektleiter Oliver Kolb <a href=\"https:\/\/www.facebook.com\/KolbCreativeStudio\/\" target=\"_blank\" rel=\"noreferrer noopener\" aria-label=\" (\u00f6ffnet in neuem Tab)\">(https:\/\/www.facebook.com\/KolbCreativeStudio\/<\/a>)<\/li><li>project X1 (<a href=\"https:\/\/www.project-x1.de\" target=\"_blank\" rel=\"noreferrer noopener\" aria-label=\" (\u00f6ffnet in neuem Tab)\">https:\/\/www.project-x1.de<\/a>)<\/li><li>Graham Scott (<a href=\"https:\/\/www.facebook.com\/imperialprops1\/\" target=\"_blank\" rel=\"noreferrer noopener\">https:\/\/www.facebook.com\/imperialprops1\/<\/a>)<\/li><li>Laeth Al-Bayati (<a href=\"http:\/\/derkunstmaler.de\/\" target=\"_blank\" rel=\"noreferrer noopener\">http:\/\/derkunstmaler.de\/<\/a>)<\/li><li>Kunststoff Oest (<a href=\"http:\/\/www.kunststoff-oest.de\/\" target=\"_blank\" rel=\"noreferrer noopener\">http:\/\/www.kunststoff-oest.de\/<\/a>)<\/li><li>Z-Montagen (<a href=\"http:\/\/zmontagen.com\" target=\"_blank\" rel=\"noreferrer noopener\">http:\/\/zmontagen.com<\/a>)<\/li><li>Daniel Beck (<a href=\"https:\/\/www.heliosml.com\/\"><span style=\"color: #93d5f6;\">http:\/\/heliosml.com\/<\/span><\/a>)<\/li><li>Christina Grey (<a href=\"https:\/\/www.facebook.com\/ChristinaGreyLA\">https:\/\/www.facebook.com\/ChristinaGreyLA<\/a>)<\/li><li>Glorienschein GbR (<a href=\"https:\/\/www.glorienschein.de\/\">https:\/\/www.glorienschein.de\/<\/a>)<\/li><\/ul><\/div>\t\t\t\t\t\t\t\t<\/div>\n\t\t\t\t<\/div>\n\t\t\t\t<div class=\"elementor-element elementor-element-88cb34e elementor-widget__width-inherit elementor-widget elementor-widget-text-editor\" data-id=\"88cb34e\" data-element_type=\"widget\" data-e-type=\"widget\" data-widget_type=\"text-editor.default\">\n\t\t\t\t<div class=\"elementor-widget-container\">\n\t\t\t\t\t\t\t\t\t<p>\u00a0<\/p><div class=\"entry-content\"><p>Ein gro\u00dfes Dankesch\u00f6n geht auch an unsere unerm\u00fcdlichen <strong>Helfer<\/strong> Lukasz, Fabian, Michael, Frank und Johannes. <\/p><\/div>\t\t\t\t\t\t\t\t<\/div>\n\t\t\t\t<\/div>\n\t\t\t\t<div class=\"elementor-element elementor-element-754a0bc .placeholder-image elementor-widget elementor-widget-image\" data-id=\"754a0bc\" data-element_type=\"widget\" data-e-type=\"widget\" data-widget_type=\"image.default\">\n\t\t\t\t<div class=\"elementor-widget-container\">\n\t\t\t\t\t\t\t\t\t\t\t\t\t\t\t<img decoding=\"async\" src=\"https:\/\/outpost-one.de\/wp-content\/uploads\/2020\/12\/OutpostVignette.svg\" class=\"attachment-full size-full wp-image-871\" alt=\"\" \/>\t\t\t\t\t\t\t\t\t\t\t\t\t\t\t<\/div>\n\t\t\t\t<\/div>\n\t\t\t\t\t<\/div>\n\t\t<\/div>\n\t\t\t\t\t<\/div>\n\t\t<\/section>\n\t\t\t\t\t<\/div>\n\t\t<\/div>\n\t\t\t\t\t<\/div>\n\t\t<\/section>\n\t\t\t\t<\/div>\n\t\t","protected":false},"excerpt":{"rendered":"<p>DANKSAGUNG Wir widmen unser Projekt sowohl Lucasfilm\u2122 und Disney\u2122 f\u00fcr all die unvergesslichen Momente in einer weit entfernten Galaxie, als auch all den Fans und den verschiedenen Fangruppen, die das Franchise seit nunmehr \u00fcber 40 Jahren so lebendig gehalten haben. Au\u00dferdem m\u00f6chten wir uns bei unseren Kooperationspartnern bedanken: Projektleiter Oliver Kolb (https:\/\/www.facebook.com\/KolbCreativeStudio\/) project X1 (https:\/\/www.project-x1.de) [&hellip;]<\/p>\n","protected":false},"author":2,"featured_media":0,"parent":0,"menu_order":0,"comment_status":"closed","ping_status":"closed","template":"","meta":{"footnotes":""},"class_list":["post-1261","page","type-page","status-publish","hentry"],"_links":{"self":[{"href":"https:\/\/outpost-one.de\/index.php?rest_route=\/wp\/v2\/pages\/1261","targetHints":{"allow":["GET"]}}],"collection":[{"href":"https:\/\/outpost-one.de\/index.php?rest_route=\/wp\/v2\/pages"}],"about":[{"href":"https:\/\/outpost-one.de\/index.php?rest_route=\/wp\/v2\/types\/page"}],"author":[{"embeddable":true,"href":"https:\/\/outpost-one.de\/index.php?rest_route=\/wp\/v2\/users\/2"}],"replies":[{"embeddable":true,"href":"https:\/\/outpost-one.de\/index.php?rest_route=%2Fwp%2Fv2%2Fcomments&post=1261"}],"version-history":[{"count":0,"href":"https:\/\/outpost-one.de\/index.php?rest_route=\/wp\/v2\/pages\/1261\/revisions"}],"wp:attachment":[{"href":"https:\/\/outpost-one.de\/index.php?rest_route=%2Fwp%2Fv2%2Fmedia&parent=1261"}],"curies":[{"name":"wp","href":"https:\/\/api.w.org\/{rel}","templated":true}]}}